{"id":55043,"date":"2023-05-16T05:45:23","date_gmt":"2023-05-16T03:45:23","guid":{"rendered":"https:\/\/synergy-tm.eu\/contact\/"},"modified":"2026-01-16T05:32:43","modified_gmt":"2026-01-16T04:32:43","slug":"contact","status":"publish","type":"page","link":"https:\/\/synergy-tm.eu\/en\/contact\/","title":{"rendered":"Contact"},"content":{"rendered":"<p>[et_pb_section fb_built=&#8221;1&#8243; module_class=&#8221;main_secondary_section white_text&#8221; _builder_version=&#8221;4.27.5&#8243; _module_preset=&#8221;default&#8221; use_background_color_gradient=&#8221;on&#8221; background_color_gradient_stops=&#8221;rgba(107,124,133,0.7) 0%|rgba(107,124,133,0.75) 100%&#8221; background_color_gradient_overlays_image=&#8221;on&#8221; background_image=&#8221;\/wp-content\/uploads\/2023\/05\/DSC09521-dng_DxO_PRIME_ret-Edit-4-2.png&#8221; hover_enabled=&#8221;0&#8243; global_colors_info=&#8221;{}&#8221; sticky_enabled=&#8221;0&#8243;][et_pb_row module_class=&#8221;main_secondary_section_row&#8221; _builder_version=&#8221;4.21.0&#8243; _module_preset=&#8221;default&#8221; global_colors_info=&#8221;{}&#8221;][et_pb_column type=&#8221;4_4&#8243; _builder_version=&#8221;4.21.0&#8243; _module_preset=&#8221;default&#8221; global_colors_info=&#8221;{}&#8221;][et_pb_text module_class=&#8221;mb10 common_htags&#8221; _builder_version=&#8221;4.21.0&#8243; _module_preset=&#8221;default&#8221; global_colors_info=&#8221;{}&#8221;]<\/p>\n<h1>Contact<\/h1>\n<p>[\/et_pb_text][\/et_pb_column][\/et_pb_row][\/et_pb_section][et_pb_section fb_built=&#8221;1&#8243; disabled_on=&#8221;off|off|off&#8221; _builder_version=&#8221;4.21.0&#8243; _module_preset=&#8221;default&#8221; background_enable_color=&#8221;off&#8221; locked=&#8221;off&#8221; global_colors_info=&#8221;{}&#8221;][et_pb_row module_class=&#8221;pb10&#8243; _builder_version=&#8221;4.21.0&#8243; _module_preset=&#8221;default&#8221; global_colors_info=&#8221;{}&#8221;][et_pb_column type=&#8221;4_4&#8243; _builder_version=&#8221;4.21.0&#8243; _module_preset=&#8221;default&#8221; global_colors_info=&#8221;{}&#8221;][et_pb_text module_class=&#8221;common_htags mb10 text_center&#8221; _builder_version=&#8221;4.21.0&#8243; _module_preset=&#8221;default&#8221; global_colors_info=&#8221;{}&#8221;]<\/p>\n<h2>Our two locations<\/p>\n<h2>[\/et_pb_text][\/et_pb_column][\/et_pb_row][et_pb_row column_structure=&#8221;1_2,1_2&#8243; use_custom_gutter=&#8221;on&#8221; make_equal=&#8221;on&#8221; disabled_on=&#8221;off|off|off&#8221; module_class=&#8221;standorte_section_row&#8221; _builder_version=&#8221;4.21.0&#8243; _module_preset=&#8221;default&#8221; global_colors_info=&#8221;{}&#8221;][et_pb_column type=&#8221;1_2&#8243; _builder_version=&#8221;4.21.0&#8243; _module_preset=&#8221;default&#8221; global_colors_info=&#8221;{}&#8221;][et_pb_blurb title=&#8221;Location Headquarters&#8221; use_icon=&#8221;on&#8221; font_icon=&#8221;&#xe081;||divi||400&#8243; icon_placement=&#8221;left&#8221; module_class=&#8221;standorte_blurb&#8221; _builder_version=&#8221;4.21.0&#8243; _module_preset=&#8221;default&#8221; global_colors_info=&#8221;{}&#8221;]<\/p>\n<p>Adlerstrasse 23 | 47798 Krefeld<\/p>\n<p>[\/et_pb_blurb][et_pb_blurb title=&#8221;Phone&#8221; use_icon=&#8221;on&#8221; font_icon=&#8221;&#xf879;||fa||900&#8243; icon_placement=&#8221;left&#8221; module_class=&#8221;standorte_blurb&#8221; _builder_version=&#8221;4.21.0&#8243; _module_preset=&#8221;default&#8221; link_option_url=&#8221;tel:+49-(0)2151-9718780&#8243; global_colors_info=&#8221;{}&#8221;]+49-(0)2151-9718780[\/et_pb_blurb][et_pb_blurb title=&#8221;E-mail&#8221; use_icon=&#8221;on&#8221; font_icon=&#8221;&#xe076;||divi||400&#8243; icon_placement=&#8221;left&#8221; module_class=&#8221;standorte_blurb&#8221; _builder_version=&#8221;4.21.0&#8243; _module_preset=&#8221;default&#8221; link_option_url=&#8221;mailto:info@synergy-tm.de&#8221; global_colors_info=&#8221;{}&#8221;]info@synergy-tm.de[\/et_pb_blurb][\/et_pb_column][et_pb_column type=&#8221;1_2&#8243; _builder_version=&#8221;4.21.0&#8243; _module_preset=&#8221;default&#8221; global_colors_info=&#8221;{}&#8221;][et_pb_blurb title=&#8221;Krefeld-Oppum site&#8221; use_icon=&#8221;on&#8221; font_icon=&#8221;&#xe081;||divi||400&#8243; icon_placement=&#8221;left&#8221; module_class=&#8221;standorte_blurb&#8221; _builder_version=&#8221;4.21.0&#8243; _module_preset=&#8221;default&#8221; locked=&#8221;off&#8221; global_colors_info=&#8221;{}&#8221;]<\/p>\n<p><span>Buddestra\u00dfe 115 | 47809 Krefeld-Oppum<\/span><\/p>\n<p>[\/et_pb_blurb][et_pb_blurb title=&#8221;Phone&#8221; use_icon=&#8221;on&#8221; font_icon=&#8221;&#xf879;||fa||900&#8243; icon_placement=&#8221;left&#8221; module_class=&#8221;standorte_blurb&#8221; _builder_version=&#8221;4.21.0&#8243; _module_preset=&#8221;default&#8221; link_option_url=&#8221;tel:+49-(0)2151-9718780&#8243; locked=&#8221;off&#8221; global_colors_info=&#8221;{}&#8221;]+49-(0)2151-9718780[\/et_pb_blurb][et_pb_blurb title=&#8221;E-mail&#8221; use_icon=&#8221;on&#8221; font_icon=&#8221;&#xe076;||divi||400&#8243; icon_placement=&#8221;left&#8221; module_class=&#8221;standorte_blurb&#8221; _builder_version=&#8221;4.21.0&#8243; _module_preset=&#8221;default&#8221; link_option_url=&#8221;mailto:info@synergy-tm.de&#8221; locked=&#8221;off&#8221; global_colors_info=&#8221;{}&#8221;]info@synergy-tm.de[\/et_pb_blurb][\/et_pb_column][\/et_pb_row][\/et_pb_section][et_pb_section fb_built=&#8221;1&#8243; disabled_on=&#8221;off|off|off&#8221; _builder_version=&#8221;4.21.0&#8243; _module_preset=&#8221;default&#8221; background_color=&#8221;rgba(248,248,248,0.5)&#8221; locked=&#8221;off&#8221; global_colors_info=&#8221;{}&#8221;][et_pb_row module_class=&#8221;pb10&#8243; _builder_version=&#8221;4.21.0&#8243; _module_preset=&#8221;default&#8221; global_colors_info=&#8221;{}&#8221;][et_pb_column type=&#8221;4_4&#8243; _builder_version=&#8221;4.21.0&#8243; _module_preset=&#8221;default&#8221; global_colors_info=&#8221;{}&#8221;][et_pb_text module_class=&#8221;common_htags mb10 text_center&#8221; _builder_version=&#8221;4.21.0&#8243; _module_preset=&#8221;default&#8221; global_colors_info=&#8221;{}&#8221;]<\/p>\n<h2>Contact form<\/p>\n<h2>[\/et_pb_text][\/et_pb_column][\/et_pb_row][et_pb_row module_class=&#8221;pt0&#8243; _builder_version=&#8221;4.21.0&#8243; _module_preset=&#8221;default&#8221; max_width=&#8221;980px&#8221; global_colors_info=&#8221;{}&#8221;][et_pb_column type=&#8221;4_4&#8243; _builder_version=&#8221;4.21.0&#8243; _module_preset=&#8221;default&#8221; global_colors_info=&#8221;{}&#8221;][et_pb_code module_class=&#8221;contact_main_section_col_right&#8221; _builder_version=&#8221;4.21.0&#8243; _module_preset=&#8221;default&#8221; global_colors_info=&#8221;{}&#8221;]<div class=\"wpforms-container wpforms-container-full\" id=\"wpforms-54444\"><form id=\"wpforms-form-54444\" class=\"wpforms-validate wpforms-form wpforms-ajax-form\" data-formid=\"54444\" method=\"post\" enctype=\"multipart\/form-data\" action=\"\/en\/wp-json\/wp\/v2\/pages\/55043\" data-token=\"c6d0f0ad72f79c69564414c82645f23a\" data-token-time=\"1776081384\"><noscript class=\"wpforms-error-noscript\">Please enable JavaScript in your browser to complete this form.<\/noscript><div class=\"wpforms-field-container\"><div id=\"wpforms-54444-field_6-container\" class=\"wpforms-field wpforms-field-text wpforms-one-half wpforms-first\" data-field-id=\"6\"><label class=\"wpforms-field-label wpforms-label-hide\" for=\"wpforms-54444-field_6\">Name<\/label><input type=\"text\" id=\"wpforms-54444-field_6\" class=\"wpforms-field-large\" name=\"wpforms[fields][6]\" placeholder=\"Name\" ><\/div><div id=\"wpforms-54444-field_7-container\" class=\"wpforms-field wpforms-field-phone wpforms-one-half\" data-field-id=\"7\"><label class=\"wpforms-field-label wpforms-label-hide\" for=\"wpforms-54444-field_7\">Telefon<\/label><input type=\"tel\" id=\"wpforms-54444-field_7\" class=\"wpforms-field-large\" data-rule-int-phone-field=\"true\" name=\"wpforms[fields][7]\" placeholder=\"Telefon\" aria-label=\"Telefon\" ><\/div><div id=\"wpforms-54444-field_8-container\" class=\"wpforms-field wpforms-field-email\" data-field-id=\"8\"><label class=\"wpforms-field-label wpforms-label-hide\" for=\"wpforms-54444-field_8\">E-Mail <span class=\"wpforms-required-label\">*<\/span><\/label><input type=\"email\" id=\"wpforms-54444-field_8\" class=\"wpforms-field-large wpforms-field-required\" name=\"wpforms[fields][8]\" placeholder=\"E-Mail\" spellcheck=\"false\" required><\/div><div id=\"wpforms-54444-field_2-container\" class=\"wpforms-field wpforms-field-textarea\" data-field-id=\"2\"><label class=\"wpforms-field-label wpforms-label-hide\" for=\"wpforms-54444-field_2\">Ihre Nachricht <span class=\"wpforms-required-label\">*<\/span><\/label><textarea id=\"wpforms-54444-field_2\" class=\"wpforms-field-medium wpforms-field-required\" name=\"wpforms[fields][2]\" placeholder=\"Ihre Nachricht\" required><\/textarea><\/div><div id=\"wpforms-54444-field_4-container\" class=\"wpforms-field wpforms-field-gdpr-checkbox\" data-field-id=\"4\"><label class=\"wpforms-field-label wpforms-label-hide\">DSGVO-Einverst\u00e4ndnis <span class=\"wpforms-required-label\">*<\/span><\/label><ul id=\"wpforms-54444-field_4\" class=\"wpforms-field-required\"><li class=\"choice-1\"><input type=\"checkbox\" id=\"wpforms-54444-field_4_1\" name=\"wpforms[fields][4][]\" value=\"Ich stimme den Datenschutzbedingungen zu, klicken Sie hier f\u00fcr mehr Informationen zum &lt;a href=&quot;\/datenschutz\/&quot;&gt;Datenschutz&lt;\/a&gt;.\" required ><label class=\"wpforms-field-label-inline\" for=\"wpforms-54444-field_4_1\">Ich stimme den Datenschutzbedingungen zu, klicken Sie hier f\u00fcr mehr Informationen zum <a href=\"\/datenschutz\/\">Datenschutz<\/a>. <span class=\"wpforms-required-label\">*<\/span><\/label><\/li><\/ul><\/div><div id=\"wpforms-54444-field_9-container\" class=\"wpforms-field wpforms-field-captcha\" data-field-id=\"9\"><label class=\"wpforms-field-label wpforms-label-hide\" for=\"wpforms-54444-field_9\">Custom Captcha <span class=\"wpforms-required-label\">*<\/span><\/label>\t\t\t<div class=\"wpforms-captcha-math\">\n\t\t\t\t<span id=\"wpforms-54444-field_9-question\" class=\"wpforms-captcha-equation\">\n\t\t\t\t\t<span class=\"n1\">12<\/span>\n\t\t\t\t\t\t\t<span class=\"cal\">*<\/span>\n\t\t\t\t\t\t\t<span class=\"n2\">12<\/span>\t\t\t\t\t<span class=\"e\">=<\/span>\n\t\t\t\t<\/span>\n\t\t\t\t<input type=\"text\" id=\"wpforms-54444-field_9\" class=\"wpforms-field-medium wpforms-field-required a\" data-rule-wpf-captcha=\"math\" data-is-wrapped-field=\"1\" name=\"wpforms[fields][9][a]\" aria-describedby=\"wpforms-54444-field_9-question\" required>\t\t\t\t<input type=\"hidden\" name=\"wpforms[fields][9][cal]\" class=\"cal\">\n\t\t\t\t<input type=\"hidden\" name=\"wpforms[fields][9][n2]\" class=\"n2\">\n\t\t\t\t<input type=\"hidden\" name=\"wpforms[fields][9][n1]\" class=\"n1\">\n\t\t\t<\/div>\n\t\t\t<\/div><\/div><!-- .wpforms-field-container --><div class=\"wpforms-submit-container\" ><input type=\"hidden\" name=\"wpforms[id]\" value=\"54444\"><input type=\"hidden\" name=\"page_title\" value=\"\"><input type=\"hidden\" name=\"page_url\" value=\"https:\/\/synergy-tm.eu\/en\/wp-json\/wp\/v2\/pages\/55043\"><input type=\"hidden\" name=\"url_referer\" value=\"\"><button type=\"submit\" name=\"wpforms[submit]\" id=\"wpforms-submit-54444\" class=\"wpforms-submit\" data-alt-text=\"Senden...\" data-submit-text=\"Senden\" aria-live=\"assertive\" value=\"wpforms-submit\">Senden<\/button><img loading=\"lazy\" decoding=\"async\" src=\"https:\/\/synergy-tm.eu\/wp-content\/plugins\/wpforms\/assets\/images\/submit-spin.svg\" class=\"wpforms-submit-spinner\" style=\"display: none;\" width=\"26\" height=\"26\" alt=\"Loading\"><\/div><\/form><\/div>  <!-- .wpforms-container -->[\/et_pb_code][\/et_pb_column][\/et_pb_row][\/et_pb_section][et_pb_section fb_built=&#8221;1&#8243; fullwidth=&#8221;on&#8221; _builder_version=&#8221;4.22.1&#8243; _module_preset=&#8221;default&#8221; custom_margin=&#8221;||-10px||false|false&#8221; global_colors_info=&#8221;{}&#8221;][et_pb_fullwidth_code _builder_version=&#8221;4.21.0&#8243; _module_preset=&#8221;default&#8221; global_colors_info=&#8221;{}&#8221;]<div class=\"BorlabsCookie _brlbs-cb-googlemaps\"><div class=\"_brlbs-content-blocker\"> <div class=\"_brlbs-embed _brlbs-google-maps\"> <img class=\"_brlbs-thumbnail\" src=\"https:\/\/synergy-tm.eu\/wp-content\/plugins\/borlabs-cookie\/assets\/images\/cb-maps.png\" alt=\"Google Maps\"> <div class=\"_brlbs-caption\"> <p>Mit dem Laden der Karte akzeptieren Sie die Datenschutzerkl\u00e4rung von Google.<br><a href=\"https:\/\/policies.google.com\/privacy\" target=\"_blank\" rel=\"nofollow noopener noreferrer\">Mehr erfahren<\/a><\/p> <p><a class=\"_brlbs-btn\" href=\"#\" data-borlabs-cookie-unblock role=\"button\">Karte laden<\/a><\/p> <p><label><input type=\"checkbox\" name=\"unblockAll\" value=\"1\" checked> <small>Google Maps immer entsperren<\/small><\/label><\/p> <\/div> <\/div> <\/div><div class=\"borlabs-hide\" data-borlabs-cookie-type=\"content-blocker\" data-borlabs-cookie-id=\"googlemaps\"><script type=\"text\/template\">PGlmcmFtZSBzcmM9Imh0dHBzOi8vd3d3Lmdvb2dsZS5jb20vbWFwcy9lbWJlZD9wYj0hMW0xOCExbTEyITFtMyExZDQ5ODYuNTgyODE3ODU3NjM4NSEyZDYuNTQ0NzM5ODkzNTc5MTE0ITNkNTEuMzI0MTU5NyEybTMhMWYwITJmMCEzZjAhM20yITFpMTAyNCEyaTc2OCE0ZjEzLjEhM20zITFtMiExczB4NDdiOGFmZmI5YzJmMjVkYiUzQTB4NDk4ZGViZmRjOTc0ZTdiNyEyc1N5bkVyZ3klMjBUaGVybWFsJTIwTWFuYWdlbWVudCUyMEdtYkghNWUwITNtMiExc2VuITJzaW4hNHYxNjg0MjE2MzA5MjQzITVtMiExc2VuITJzaW4iIHdpZHRoPSIxMDAlIiBoZWlnaHQ9IjQ1MCIgc3R5bGU9ImJvcmRlcjowOyIgYWxsb3dmdWxsc2NyZWVuPSIiIGxvYWRpbmc9ImxhenkiIHJlZmVycmVycG9saWN5PSJuby1yZWZlcnJlci13aGVuLWRvd25ncmFkZSI+PC9pZnJhbWU+<\/script><\/div><\/div>[\/et_pb_fullwidth_code][\/et_pb_section]<\/p>\n","protected":false},"excerpt":{"rendered":"<p>ContactOur two locationsAdlerstrasse 23 | 47798 Krefeld+49-(0)2151-9718780info@synergy-tm.deBuddestra\u00dfe 115 | 47809 Krefeld-Oppum+49-(0)2151-9718780info@synergy-tm.deContact form<div class=\"wpforms-container wpforms-container-full\" id=\"wpforms-54444\"><form id=\"wpforms-form-54444\" class=\"wpforms-validate wpforms-form wpforms-ajax-form\" data-formid=\"54444\" method=\"post\" enctype=\"multipart\/form-data\" action=\"\/en\/wp-json\/wp\/v2\/pages\/55043\" data-token=\"c6d0f0ad72f79c69564414c82645f23a\" data-token-time=\"1776081384\"><noscript class=\"wpforms-error-noscript\">Please enable JavaScript in your browser to complete this form.<\/noscript><div class=\"wpforms-field-container\"><div id=\"wpforms-54444-field_6-container\" class=\"wpforms-field wpforms-field-text wpforms-one-half wpforms-first\" data-field-id=\"6\"><label class=\"wpforms-field-label wpforms-label-hide\" for=\"wpforms-54444-field_6\">Name<\/label><input type=\"text\" id=\"wpforms-54444-field_6\" class=\"wpforms-field-large\" name=\"wpforms[fields][6]\" placeholder=\"Name\" ><\/div><div id=\"wpforms-54444-field_7-container\" class=\"wpforms-field wpforms-field-phone wpforms-one-half\" data-field-id=\"7\"><label class=\"wpforms-field-label wpforms-label-hide\" for=\"wpforms-54444-field_7\">Telefon<\/label><input type=\"tel\" id=\"wpforms-54444-field_7\" class=\"wpforms-field-large\" data-rule-int-phone-field=\"true\" name=\"wpforms[fields][7]\" placeholder=\"Telefon\" aria-label=\"Telefon\" ><\/div><div id=\"wpforms-54444-field_8-container\" class=\"wpforms-field wpforms-field-email\" data-field-id=\"8\"><label class=\"wpforms-field-label wpforms-label-hide\" for=\"wpforms-54444-field_8\">E-Mail <span class=\"wpforms-required-label\">*<\/span><\/label><input type=\"email\" id=\"wpforms-54444-field_8\" class=\"wpforms-field-large wpforms-field-required\" name=\"wpforms[fields][8]\" placeholder=\"E-Mail\" spellcheck=\"false\" required><\/div><div id=\"wpforms-54444-field_2-container\" class=\"wpforms-field wpforms-field-textarea\" data-field-id=\"2\"><label class=\"wpforms-field-label wpforms-label-hide\" for=\"wpforms-54444-field_2\">Ihre Nachricht <span class=\"wpforms-required-label\">*<\/span><\/label><textarea id=\"wpforms-54444-field_2\" class=\"wpforms-field-medium wpforms-field-required\" name=\"wpforms[fields][2]\" placeholder=\"Ihre Nachricht\" required><\/textarea><\/div><div id=\"wpforms-54444-field_4-container\" class=\"wpforms-field wpforms-field-gdpr-checkbox\" data-field-id=\"4\"><label class=\"wpforms-field-label wpforms-label-hide\">DSGVO-Einverst\u00e4ndnis <span class=\"wpforms-required-label\">*<\/span><\/label><ul id=\"wpforms-54444-field_4\" class=\"wpforms-field-required\"><li class=\"choice-1\"><input type=\"checkbox\" id=\"wpforms-54444-field_4_1\" name=\"wpforms[fields][4][]\" value=\"Ich stimme den Datenschutzbedingungen zu, klicken Sie hier f\u00fcr mehr Informationen zum &lt;a href=&quot;\/datenschutz\/&quot;&gt;Datenschutz&lt;\/a&gt;.\" required ><label class=\"wpforms-field-label-inline\" for=\"wpforms-54444-field_4_1\">Ich stimme den Datenschutzbedingungen zu, klicken Sie hier f\u00fcr mehr Informationen zum <a href=\"\/datenschutz\/\">Datenschutz<\/a>. <span class=\"wpforms-required-label\">*<\/span><\/label><\/li><\/ul><\/div><div id=\"wpforms-54444-field_9-container\" class=\"wpforms-field wpforms-field-captcha\" data-field-id=\"9\"><label class=\"wpforms-field-label wpforms-label-hide\" for=\"wpforms-54444-field_9\">Custom Captcha <span class=\"wpforms-required-label\">*<\/span><\/label>\t\t\t<div class=\"wpforms-captcha-math\">\n\t\t\t\t<span id=\"wpforms-54444-field_9-question\" class=\"wpforms-captcha-equation\">\n\t\t\t\t\t<span class=\"n1\">12<\/span>\n\t\t\t\t\t\t\t<span class=\"cal\">+<\/span>\n\t\t\t\t\t\t\t<span class=\"n2\">12<\/span>\t\t\t\t\t<span class=\"e\">=<\/span>\n\t\t\t\t<\/span>\n\t\t\t\t<input type=\"text\" id=\"wpforms-54444-field_9\" class=\"wpforms-field-medium wpforms-field-required a\" data-rule-wpf-captcha=\"math\" data-is-wrapped-field=\"1\" name=\"wpforms[fields][9][a]\" aria-describedby=\"wpforms-54444-field_9-question\" required>\t\t\t\t<input type=\"hidden\" name=\"wpforms[fields][9][cal]\" class=\"cal\">\n\t\t\t\t<input type=\"hidden\" name=\"wpforms[fields][9][n2]\" class=\"n2\">\n\t\t\t\t<input type=\"hidden\" name=\"wpforms[fields][9][n1]\" class=\"n1\">\n\t\t\t<\/div>\n\t\t\t<\/div><\/div><!-- .wpforms-field-container --><div class=\"wpforms-submit-container\" ><input type=\"hidden\" name=\"wpforms[id]\" value=\"54444\"><input type=\"hidden\" name=\"page_title\" value=\"\"><input type=\"hidden\" name=\"page_url\" value=\"https:\/\/synergy-tm.eu\/en\/wp-json\/wp\/v2\/pages\/55043\"><input type=\"hidden\" name=\"url_referer\" value=\"\"><button type=\"submit\" name=\"wpforms[submit]\" id=\"wpforms-submit-54444\" class=\"wpforms-submit\" data-alt-text=\"Senden...\" data-submit-text=\"Senden\" aria-live=\"assertive\" value=\"wpforms-submit\">Senden<\/button><img loading=\"lazy\" decoding=\"async\" src=\"https:\/\/synergy-tm.eu\/wp-content\/plugins\/wpforms\/assets\/images\/submit-spin.svg\" class=\"wpforms-submit-spinner\" style=\"display: none;\" width=\"26\" height=\"26\" alt=\"Loading\"><\/div><\/form><\/div>  <!-- .wpforms-container --><\/p>\n","protected":false},"author":3,"featured_media":0,"parent":0,"menu_order":0,"comment_status":"closed","ping_status":"closed","template":"","meta":{"_et_pb_use_builder":"on","_et_pb_old_content":"","_et_gb_content_width":"","footnotes":""},"class_list":["post-55043","page","type-page","status-publish","hentry"],"yoast_head":"<!-- This site is optimized with the Yoast SEO plugin v26.7 - https:\/\/yoast.com\/wordpress\/plugins\/seo\/ -->\n<title>Contact - SynErgy Thermal Management<\/title>\n<meta name=\"description\" content=\"Gegr\u00fcndet im Juni 2016 haben wir nach einem erfolgreichen ersten Jahr unsere R\u00e4umlichkeiten im Oktober 2017 erweitert und haben ein externes B\u00fcro im K2-Tower + Industriepark angemietet. Nachdem wir hier jedoch nicht mehr weiter wachsen konnten, sind wir in ein eigenes B\u00fcro umgezogen.\" \/>\n<meta name=\"robots\" content=\"noindex, follow, max-snippet:-1, max-image-preview:large, max-video-preview:-1\" \/>\n<meta property=\"og:locale\" content=\"en_US\" \/>\n<meta property=\"og:type\" content=\"article\" \/>\n<meta property=\"og:title\" content=\"Contact - SynErgy Thermal Management\" \/>\n<meta property=\"og:description\" content=\"Gegr\u00fcndet im Juni 2016 haben wir nach einem erfolgreichen ersten Jahr unsere R\u00e4umlichkeiten im Oktober 2017 erweitert und haben ein externes B\u00fcro im K2-Tower + Industriepark angemietet. Nachdem wir hier jedoch nicht mehr weiter wachsen konnten, sind wir in ein eigenes B\u00fcro umgezogen.\" \/>\n<meta property=\"og:url\" content=\"https:\/\/synergy-tm.eu\/kontakt\/\" \/>\n<meta property=\"og:site_name\" content=\"SynErgy Thermal Management\" \/>\n<meta property=\"article:modified_time\" content=\"2026-01-16T04:32:43+00:00\" \/>\n<meta property=\"og:image\" content=\"https:\/\/synergy-tm.eu\/wp-content\/uploads\/2023\/05\/main_logo.png\" \/>\n\t<meta property=\"og:image:width\" content=\"222\" \/>\n\t<meta property=\"og:image:height\" content=\"54\" \/>\n\t<meta property=\"og:image:type\" content=\"image\/png\" \/>\n<meta name=\"twitter:card\" content=\"summary_large_image\" \/>\n<meta name=\"twitter:label1\" content=\"Est. reading time\" \/>\n\t<meta name=\"twitter:data1\" content=\"1 minute\" \/>\n<script type=\"application\/ld+json\" class=\"yoast-schema-graph\">{\"@context\":\"https:\/\/schema.org\",\"@graph\":[{\"@type\":\"WebPage\",\"@id\":\"https:\/\/synergy-tm.eu\/kontakt\/\",\"url\":\"https:\/\/synergy-tm.eu\/kontakt\/\",\"name\":\"Contact - SynErgy Thermal Management\",\"isPartOf\":{\"@id\":\"https:\/\/synergy-tm.eu\/en\/#website\"},\"datePublished\":\"2023-05-16T03:45:23+00:00\",\"dateModified\":\"2026-01-16T04:32:43+00:00\",\"description\":\"Gegr\u00fcndet im Juni 2016 haben wir nach einem erfolgreichen ersten Jahr unsere R\u00e4umlichkeiten im Oktober 2017 erweitert und haben ein externes B\u00fcro im K2-Tower + Industriepark angemietet. Nachdem wir hier jedoch nicht mehr weiter wachsen konnten, sind wir in ein eigenes B\u00fcro umgezogen.\",\"breadcrumb\":{\"@id\":\"https:\/\/synergy-tm.eu\/kontakt\/#breadcrumb\"},\"inLanguage\":\"en-US\",\"potentialAction\":[{\"@type\":\"ReadAction\",\"target\":[\"https:\/\/synergy-tm.eu\/kontakt\/\"]}]},{\"@type\":\"BreadcrumbList\",\"@id\":\"https:\/\/synergy-tm.eu\/kontakt\/#breadcrumb\",\"itemListElement\":[{\"@type\":\"ListItem\",\"position\":1,\"name\":\"Startseite\",\"item\":\"https:\/\/synergy-tm.eu\/en\/\"},{\"@type\":\"ListItem\",\"position\":2,\"name\":\"Contact\"}]},{\"@type\":\"WebSite\",\"@id\":\"https:\/\/synergy-tm.eu\/en\/#website\",\"url\":\"https:\/\/synergy-tm.eu\/en\/\",\"name\":\"SynErgy Thermal Management\",\"description\":\"\",\"potentialAction\":[{\"@type\":\"SearchAction\",\"target\":{\"@type\":\"EntryPoint\",\"urlTemplate\":\"https:\/\/synergy-tm.eu\/en\/?s={search_term_string}\"},\"query-input\":{\"@type\":\"PropertyValueSpecification\",\"valueRequired\":true,\"valueName\":\"search_term_string\"}}],\"inLanguage\":\"en-US\"}]}<\/script>\n<!-- \/ Yoast SEO plugin. -->","yoast_head_json":{"title":"Contact - SynErgy Thermal Management","description":"Gegr\u00fcndet im Juni 2016 haben wir nach einem erfolgreichen ersten Jahr unsere R\u00e4umlichkeiten im Oktober 2017 erweitert und haben ein externes B\u00fcro im K2-Tower + Industriepark angemietet. Nachdem wir hier jedoch nicht mehr weiter wachsen konnten, sind wir in ein eigenes B\u00fcro umgezogen.","robots":{"index":"noindex","follow":"follow","max-snippet":"max-snippet:-1","max-image-preview":"max-image-preview:large","max-video-preview":"max-video-preview:-1"},"og_locale":"en_US","og_type":"article","og_title":"Contact - SynErgy Thermal Management","og_description":"Gegr\u00fcndet im Juni 2016 haben wir nach einem erfolgreichen ersten Jahr unsere R\u00e4umlichkeiten im Oktober 2017 erweitert und haben ein externes B\u00fcro im K2-Tower + Industriepark angemietet. Nachdem wir hier jedoch nicht mehr weiter wachsen konnten, sind wir in ein eigenes B\u00fcro umgezogen.","og_url":"https:\/\/synergy-tm.eu\/kontakt\/","og_site_name":"SynErgy Thermal Management","article_modified_time":"2026-01-16T04:32:43+00:00","og_image":[{"width":222,"height":54,"url":"https:\/\/synergy-tm.eu\/wp-content\/uploads\/2023\/05\/main_logo.png","type":"image\/png"}],"twitter_card":"summary_large_image","twitter_misc":{"Est. reading time":"1 minute"},"schema":{"@context":"https:\/\/schema.org","@graph":[{"@type":"WebPage","@id":"https:\/\/synergy-tm.eu\/kontakt\/","url":"https:\/\/synergy-tm.eu\/kontakt\/","name":"Contact - SynErgy Thermal Management","isPartOf":{"@id":"https:\/\/synergy-tm.eu\/en\/#website"},"datePublished":"2023-05-16T03:45:23+00:00","dateModified":"2026-01-16T04:32:43+00:00","description":"Gegr\u00fcndet im Juni 2016 haben wir nach einem erfolgreichen ersten Jahr unsere R\u00e4umlichkeiten im Oktober 2017 erweitert und haben ein externes B\u00fcro im K2-Tower + Industriepark angemietet. Nachdem wir hier jedoch nicht mehr weiter wachsen konnten, sind wir in ein eigenes B\u00fcro umgezogen.","breadcrumb":{"@id":"https:\/\/synergy-tm.eu\/kontakt\/#breadcrumb"},"inLanguage":"en-US","potentialAction":[{"@type":"ReadAction","target":["https:\/\/synergy-tm.eu\/kontakt\/"]}]},{"@type":"BreadcrumbList","@id":"https:\/\/synergy-tm.eu\/kontakt\/#breadcrumb","itemListElement":[{"@type":"ListItem","position":1,"name":"Startseite","item":"https:\/\/synergy-tm.eu\/en\/"},{"@type":"ListItem","position":2,"name":"Contact"}]},{"@type":"WebSite","@id":"https:\/\/synergy-tm.eu\/en\/#website","url":"https:\/\/synergy-tm.eu\/en\/","name":"SynErgy Thermal Management","description":"","potentialAction":[{"@type":"SearchAction","target":{"@type":"EntryPoint","urlTemplate":"https:\/\/synergy-tm.eu\/en\/?s={search_term_string}"},"query-input":{"@type":"PropertyValueSpecification","valueRequired":true,"valueName":"search_term_string"}}],"inLanguage":"en-US"}]}},"_links":{"self":[{"href":"https:\/\/synergy-tm.eu\/en\/wp-json\/wp\/v2\/pages\/55043","targetHints":{"allow":["GET"]}}],"collection":[{"href":"https:\/\/synergy-tm.eu\/en\/wp-json\/wp\/v2\/pages"}],"about":[{"href":"https:\/\/synergy-tm.eu\/en\/wp-json\/wp\/v2\/types\/page"}],"author":[{"embeddable":true,"href":"https:\/\/synergy-tm.eu\/en\/wp-json\/wp\/v2\/users\/3"}],"replies":[{"embeddable":true,"href":"https:\/\/synergy-tm.eu\/en\/wp-json\/wp\/v2\/comments?post=55043"}],"version-history":[{"count":7,"href":"https:\/\/synergy-tm.eu\/en\/wp-json\/wp\/v2\/pages\/55043\/revisions"}],"predecessor-version":[{"id":55196,"href":"https:\/\/synergy-tm.eu\/en\/wp-json\/wp\/v2\/pages\/55043\/revisions\/55196"}],"wp:attachment":[{"href":"https:\/\/synergy-tm.eu\/en\/wp-json\/wp\/v2\/media?parent=55043"}],"curies":[{"name":"wp","href":"https:\/\/api.w.org\/{rel}","templated":true}]}}