{"id":55056,"date":"2023-05-16T05:44:15","date_gmt":"2023-05-16T03:44:15","guid":{"rendered":"https:\/\/synergy-tm.eu\/concept-development-and-design\/"},"modified":"2023-08-24T13:00:40","modified_gmt":"2023-08-24T11:00:40","slug":"concept-development-and-design","status":"publish","type":"page","link":"https:\/\/synergy-tm.eu\/en\/concept-development-and-design\/","title":{"rendered":"Concept development and design"},"content":{"rendered":"<p>[et_pb_section fb_built=&#8221;1&#8243; module_class=&#8221;main_secondary_section white_text&#8221; _builder_version=&#8221;4.21.0&#8243; _module_preset=&#8221;default&#8221; use_background_color_gradient=&#8221;on&#8221; background_color_gradient_stops=&#8221;rgba(107,124,133,0.7) 0%|rgba(107,124,133,0.75) 100%&#8221; background_color_gradient_overlays_image=&#8221;on&#8221; background_image=&#8221;https:\/\/synergy-tm.eu\/wp-content\/uploads\/2023\/07\/Untitled-3.jpg&#8221; global_colors_info=&#8221;{}&#8221;][et_pb_row module_class=&#8221;main_secondary_section_row&#8221; _builder_version=&#8221;4.21.0&#8243; _module_preset=&#8221;default&#8221; global_colors_info=&#8221;{}&#8221;][et_pb_column type=&#8221;4_4&#8243; _builder_version=&#8221;4.21.0&#8243; _module_preset=&#8221;default&#8221; global_colors_info=&#8221;{}&#8221;][et_pb_text module_class=&#8221;mb10 common_htags&#8221; _builder_version=&#8221;4.21.0&#8243; _module_preset=&#8221;default&#8221; global_colors_info=&#8221;{}&#8221;]<\/p>\n<h1>Concept development and design<\/h1>\n<p>[\/et_pb_text][\/et_pb_column][\/et_pb_row][\/et_pb_section][et_pb_section fb_built=&#8221;1&#8243; _builder_version=&#8221;4.21.0&#8243; _module_preset=&#8221;default&#8221; locked=&#8221;off&#8221; global_colors_info=&#8221;{}&#8221;][et_pb_row column_structure=&#8221;1_2,1_2&#8243; module_class=&#8221;mobile_flex_row&#8221; _builder_version=&#8221;4.21.0&#8243; _module_preset=&#8221;default&#8221; global_colors_info=&#8221;{}&#8221;][et_pb_column type=&#8221;1_2&#8243; module_class=&#8221;mobile_flex_row_col&#8221; _builder_version=&#8221;4.21.0&#8243; _module_preset=&#8221;default&#8221; global_colors_info=&#8221;{}&#8221;][et_pb_text module_class=&#8221;mb10 common_htags&#8221; _builder_version=&#8221;4.21.0&#8243; _module_preset=&#8221;default&#8221; global_colors_info=&#8221;{}&#8221;]<\/p>\n<h2>Take advantage of our know-how right from the start<\/h2>\n<p>[\/et_pb_text][et_pb_text module_class=&#8221;fonts_20&#8243; _builder_version=&#8221;4.21.0&#8243; _module_preset=&#8221;default&#8221; locked=&#8221;off&#8221; global_colors_info=&#8221;{}&#8221;]When creating new concepts, we support your development process. The requirements for the system and components are defined based on the requirements for the higher-level system or vehicle.<br \/>\nInitial design calculations allow an early assessment of whether the required targets can be achieved.[\/et_pb_text][\/et_pb_column][et_pb_column type=&#8221;1_2&#8243; _builder_version=&#8221;4.21.0&#8243; _module_preset=&#8221;default&#8221; global_colors_info=&#8221;{}&#8221;][et_pb_image src=&#8221;https:\/\/synergy-tm.eu\/wp-content\/uploads\/2023\/05\/Coaching-2-2-1.png&#8221; title_text=&#8221;Coaching 2 2 (1)&#8221; module_class=&#8221;full_image_width&#8221; _builder_version=&#8221;4.21.0&#8243; _module_preset=&#8221;default&#8221; locked=&#8221;off&#8221; global_colors_info=&#8221;{}&#8221;][\/et_pb_image][\/et_pb_column][\/et_pb_row][\/et_pb_section][et_pb_section fb_built=&#8221;1&#8243; _builder_version=&#8221;4.21.0&#8243; _module_preset=&#8221;default&#8221; background_color=&#8221;rgba(248,248,248,0.5)&#8221; locked=&#8221;off&#8221; global_colors_info=&#8221;{}&#8221;][et_pb_row module_class=&#8221;pb10&#8243; _builder_version=&#8221;4.21.0&#8243; _module_preset=&#8221;default&#8221; global_colors_info=&#8221;{}&#8221;][et_pb_column type=&#8221;4_4&#8243; _builder_version=&#8221;4.21.0&#8243; _module_preset=&#8221;default&#8221; global_colors_info=&#8221;{}&#8221;][et_pb_text module_class=&#8221;common_htags mb10 text_center&#8221; _builder_version=&#8221;4.21.0&#8243; _module_preset=&#8221;default&#8221; global_colors_info=&#8221;{}&#8221;]<\/p>\n<h2>Your advantages<\/p>\n<h2>[\/et_pb_text][\/et_pb_column][\/et_pb_row][et_pb_row column_structure=&#8221;1_3,1_3,1_3&#8243; use_custom_gutter=&#8221;on&#8221; make_equal=&#8221;on&#8221; module_class=&#8221;kernkomp_section_row&#8221; _builder_version=&#8221;4.21.0&#8243; _module_preset=&#8221;default&#8221; global_colors_info=&#8221;{}&#8221;][et_pb_column type=&#8221;1_3&#8243; _builder_version=&#8221;4.21.0&#8243; _module_preset=&#8221;default&#8221; global_colors_info=&#8221;{}&#8221;][et_pb_blurb title=&#8221;Advantage #01&#8243; image=&#8221;https:\/\/synergy-tm.eu\/wp-content\/uploads\/2023\/05\/Group.png&#8221; module_class=&#8221;kernkomp_blurb&#8221; _builder_version=&#8221;4.21.0&#8243; _module_preset=&#8221;default&#8221; global_colors_info=&#8221;{}&#8221; image__hover_enabled=&#8221;on|hover&#8221; image__hover=&#8221;https:\/\/synergy-tm.eu\/wp-content\/uploads\/2023\/05\/GroupW.png&#8221;]<\/p>\n<p><span>Over 20 years of experience in the development of refrigeration cycle systems<\/span><\/p>\n<p>[\/et_pb_blurb][\/et_pb_column][et_pb_column type=&#8221;1_3&#8243; _builder_version=&#8221;4.21.0&#8243; _module_preset=&#8221;default&#8221; global_colors_info=&#8221;{}&#8221;][et_pb_blurb title=&#8221;Advantage #02&#8243; image=&#8221;https:\/\/synergy-tm.eu\/wp-content\/uploads\/2023\/05\/Group.png&#8221; module_class=&#8221;kernkomp_blurb&#8221; _builder_version=&#8221;4.21.0&#8243; _module_preset=&#8221;default&#8221; locked=&#8221;off&#8221; global_colors_info=&#8221;{}&#8221; image__hover_enabled=&#8221;on|hover&#8221; image__hover=&#8221;https:\/\/synergy-tm.eu\/wp-content\/uploads\/2023\/05\/GroupW.png&#8221;]<\/p>\n<p><span>Design of systems with focus on cost, effectiveness AND performance<\/span><\/p>\n<p>[\/et_pb_blurb][\/et_pb_column][et_pb_column type=&#8221;1_3&#8243; _builder_version=&#8221;4.21.0&#8243; _module_preset=&#8221;default&#8221; global_colors_info=&#8221;{}&#8221;][et_pb_blurb title=&#8221;Advantage #03&#8243; image=&#8221;https:\/\/synergy-tm.eu\/wp-content\/uploads\/2023\/05\/Group.png&#8221; module_class=&#8221;kernkomp_blurb&#8221; _builder_version=&#8221;4.21.0&#8243; _module_preset=&#8221;default&#8221; locked=&#8221;off&#8221; global_colors_info=&#8221;{}&#8221; image__hover_enabled=&#8221;on|hover&#8221; image__hover=&#8221;https:\/\/synergy-tm.eu\/wp-content\/uploads\/2023\/05\/GroupW.png&#8221;]<\/p>\n<p><span>Focus on minimum cost of ownership<\/span><\/p>\n<p>[\/et_pb_blurb][\/et_pb_column][\/et_pb_row][\/et_pb_section][et_pb_section fb_built=&#8221;1&#8243; _builder_version=&#8221;4.21.0&#8243; _module_preset=&#8221;default&#8221; global_colors_info=&#8221;{}&#8221;][et_pb_row column_structure=&#8221;1_2,1_2&#8243; _builder_version=&#8221;4.21.0&#8243; _module_preset=&#8221;default&#8221; global_colors_info=&#8221;{}&#8221;][et_pb_column type=&#8221;1_2&#8243; _builder_version=&#8221;4.21.0&#8243; _module_preset=&#8221;default&#8221; global_colors_info=&#8221;{}&#8221;][et_pb_image src=&#8221;https:\/\/synergy-tm.eu\/wp-content\/uploads\/2023\/07\/Untitled-1.png&#8221; title_text=&#8221;Untitled-1&#8243; module_class=&#8221;full_image_width&#8221; _builder_version=&#8221;4.21.0&#8243; _module_preset=&#8221;default&#8221; locked=&#8221;off&#8221; global_colors_info=&#8221;{}&#8221;][\/et_pb_image][\/et_pb_column][et_pb_column type=&#8221;1_2&#8243; _builder_version=&#8221;4.21.0&#8243; _module_preset=&#8221;default&#8221; global_colors_info=&#8221;{}&#8221;][et_pb_text module_class=&#8221;mb10 common_htags&#8221; _builder_version=&#8221;4.21.0&#8243; _module_preset=&#8221;default&#8221; global_colors_info=&#8221;{}&#8221;]<\/p>\n<h2>Your contact person <span>Marc Graaf<\/span><\/h2>\n<h6>Managing Director<\/h6>\n<p>[\/et_pb_text][et_pb_text module_class=&#8221;fonts_20&#8243; _builder_version=&#8221;4.21.0&#8243; _module_preset=&#8221;default&#8221; global_colors_info=&#8221;{}&#8221;]<\/p>\n<p>Marc Graaf, founder and owner of SynErgy Thermal Management GmbH, studied mechanical engineering with a specialization in thermal engineering at RWTH Aachen University.<br \/>After more than 25 years of professional experience in the development of heat pumps and automotive air conditioning systems with alternative refrigerants, he most recently led teams as a manager at an automotive supplier.<\/p>\n<p>[\/et_pb_text][et_pb_code module_class=&#8221;fonts_20&#8243; _builder_version=&#8221;4.21.0&#8243; _module_preset=&#8221;default&#8221; hover_enabled=&#8221;0&#8243; global_colors_info=&#8221;{}&#8221; sticky_enabled=&#8221;0&#8243;]<\/p>\n<div class=\"contact_btns\"><!-- [et_pb_line_break_holder] -->    <a href=\"mailto:info@synergy-tm.de\"><!-- [et_pb_line_break_holder] -->        <\/p>\n<div class=\"mail_btn cont_btn\"><!-- [et_pb_line_break_holder] -->          <span class=\"c_btn_icon\"><img decoding=\"async\" src=\"\/wp-content\/uploads\/2023\/05\/email_icon.png\"><\/span><!-- [et_pb_line_break_holder] -->        <span class=\"c_btn_text\">info@synergy-tm.de<\/span><!-- [et_pb_line_break_holder] -->        <\/div>\n<p><!-- [et_pb_line_break_holder] -->    <\/a><!-- [et_pb_line_break_holder] -->    <a href=\"tel:+49-(0)2151-9718780\"><!-- [et_pb_line_break_holder] -->        <\/p>\n<div class=\"phone_btn cont_btn\"><!-- [et_pb_line_break_holder] -->          <span class=\"c_btn_icon\"><img decoding=\"async\" src=\"\/wp-content\/uploads\/2023\/05\/phone_icon.png\"><\/span><!-- [et_pb_line_break_holder] -->            <span class=\"c_btn_text\">+49-(0)2151-9718780<\/span><!-- [et_pb_line_break_holder] -->        <\/div>\n<p><!-- [et_pb_line_break_holder] -->    <\/a><!-- [et_pb_line_break_holder] -->    <a href=\"https:\/\/www.linkedin.com\/company\/synergy-thermal-management-gmbh\/?originalSubdomain=de\" target=\"_blank\" rel=\"noopener\"><!-- [et_pb_line_break_holder] -->        <\/p>\n<div class=\"in_btn cont_btn\"><!-- [et_pb_line_break_holder] -->          <span class=\"c_btn_icon\"><img decoding=\"async\" src=\"\/wp-content\/uploads\/2023\/05\/in_icon.png\"><\/span><!-- [et_pb_line_break_holder] -->        <\/div>\n<p><!-- [et_pb_line_break_holder] -->    <\/a><!-- [et_pb_line_break_holder] --><\/div>\n<p>[\/et_pb_code][\/et_pb_column][\/et_pb_row][\/et_pb_section]<\/p>\n","protected":false},"excerpt":{"rendered":"<p>Concept development and designTake advantage of our know-how right from the startWhen creating new concepts, we support your development process. The requirements for the system and components are defined based on the requirements for the higher-level system or vehicle. Initial design calculations allow an early assessment of whether the required targets can be achieved.Your advantagesOver [&hellip;]<\/p>\n","protected":false},"author":3,"featured_media":0,"parent":0,"menu_order":0,"comment_status":"closed","ping_status":"closed","template":"","meta":{"_et_pb_use_builder":"on","_et_pb_old_content":"","_et_gb_content_width":"","footnotes":""},"class_list":["post-55056","page","type-page","status-publish","hentry"],"yoast_head":"<!-- This site is optimized with the Yoast SEO plugin v26.7 - https:\/\/yoast.com\/wordpress\/plugins\/seo\/ -->\n<title>Concept development and design - SynErgy Thermal Management<\/title>\n<meta name=\"description\" content=\"Gegr\u00fcndet im Juni 2016 haben wir nach einem erfolgreichen ersten Jahr unsere R\u00e4umlichkeiten im Oktober 2017 erweitert und haben ein externes B\u00fcro im K2-Tower + Industriepark angemietet. Nachdem wir hier jedoch nicht mehr weiter wachsen konnten, sind wir in ein eigenes B\u00fcro umgezogen.\" \/>\n<meta name=\"robots\" content=\"noindex, follow, max-snippet:-1, max-image-preview:large, max-video-preview:-1\" \/>\n<meta property=\"og:locale\" content=\"en_US\" \/>\n<meta property=\"og:type\" content=\"article\" \/>\n<meta property=\"og:title\" content=\"Concept development and design - SynErgy Thermal Management\" \/>\n<meta property=\"og:description\" content=\"Gegr\u00fcndet im Juni 2016 haben wir nach einem erfolgreichen ersten Jahr unsere R\u00e4umlichkeiten im Oktober 2017 erweitert und haben ein externes B\u00fcro im K2-Tower + Industriepark angemietet. Nachdem wir hier jedoch nicht mehr weiter wachsen konnten, sind wir in ein eigenes B\u00fcro umgezogen.\" \/>\n<meta property=\"og:url\" content=\"https:\/\/synergy-tm.eu\/konzepterstellung-und-auslegung\/\" \/>\n<meta property=\"og:site_name\" content=\"SynErgy Thermal Management\" \/>\n<meta property=\"article:modified_time\" content=\"2023-08-24T11:00:40+00:00\" \/>\n<meta property=\"og:image\" content=\"https:\/\/synergy-tm.eu\/wp-content\/uploads\/2023\/05\/main_logo.png\" \/>\n\t<meta property=\"og:image:width\" content=\"222\" \/>\n\t<meta property=\"og:image:height\" content=\"54\" \/>\n\t<meta property=\"og:image:type\" content=\"image\/png\" \/>\n<meta name=\"twitter:card\" content=\"summary_large_image\" \/>\n<meta name=\"twitter:label1\" content=\"Est. reading time\" \/>\n\t<meta name=\"twitter:data1\" content=\"4 minutes\" \/>\n<script type=\"application\/ld+json\" class=\"yoast-schema-graph\">{\"@context\":\"https:\/\/schema.org\",\"@graph\":[{\"@type\":\"WebPage\",\"@id\":\"https:\/\/synergy-tm.eu\/konzepterstellung-und-auslegung\/\",\"url\":\"https:\/\/synergy-tm.eu\/konzepterstellung-und-auslegung\/\",\"name\":\"Concept development and design - SynErgy Thermal Management\",\"isPartOf\":{\"@id\":\"https:\/\/synergy-tm.eu\/en\/#website\"},\"datePublished\":\"2023-05-16T03:44:15+00:00\",\"dateModified\":\"2023-08-24T11:00:40+00:00\",\"description\":\"Gegr\u00fcndet im Juni 2016 haben wir nach einem erfolgreichen ersten Jahr unsere R\u00e4umlichkeiten im Oktober 2017 erweitert und haben ein externes B\u00fcro im K2-Tower + Industriepark angemietet. Nachdem wir hier jedoch nicht mehr weiter wachsen konnten, sind wir in ein eigenes B\u00fcro umgezogen.\",\"breadcrumb\":{\"@id\":\"https:\/\/synergy-tm.eu\/konzepterstellung-und-auslegung\/#breadcrumb\"},\"inLanguage\":\"en-US\",\"potentialAction\":[{\"@type\":\"ReadAction\",\"target\":[\"https:\/\/synergy-tm.eu\/konzepterstellung-und-auslegung\/\"]}]},{\"@type\":\"BreadcrumbList\",\"@id\":\"https:\/\/synergy-tm.eu\/konzepterstellung-und-auslegung\/#breadcrumb\",\"itemListElement\":[{\"@type\":\"ListItem\",\"position\":1,\"name\":\"Startseite\",\"item\":\"https:\/\/synergy-tm.eu\/en\/\"},{\"@type\":\"ListItem\",\"position\":2,\"name\":\"Concept development and design\"}]},{\"@type\":\"WebSite\",\"@id\":\"https:\/\/synergy-tm.eu\/en\/#website\",\"url\":\"https:\/\/synergy-tm.eu\/en\/\",\"name\":\"SynErgy Thermal Management\",\"description\":\"\",\"potentialAction\":[{\"@type\":\"SearchAction\",\"target\":{\"@type\":\"EntryPoint\",\"urlTemplate\":\"https:\/\/synergy-tm.eu\/en\/?s={search_term_string}\"},\"query-input\":{\"@type\":\"PropertyValueSpecification\",\"valueRequired\":true,\"valueName\":\"search_term_string\"}}],\"inLanguage\":\"en-US\"}]}<\/script>\n<!-- \/ Yoast SEO plugin. -->","yoast_head_json":{"title":"Concept development and design - SynErgy Thermal Management","description":"Gegr\u00fcndet im Juni 2016 haben wir nach einem erfolgreichen ersten Jahr unsere R\u00e4umlichkeiten im Oktober 2017 erweitert und haben ein externes B\u00fcro im K2-Tower + Industriepark angemietet. Nachdem wir hier jedoch nicht mehr weiter wachsen konnten, sind wir in ein eigenes B\u00fcro umgezogen.","robots":{"index":"noindex","follow":"follow","max-snippet":"max-snippet:-1","max-image-preview":"max-image-preview:large","max-video-preview":"max-video-preview:-1"},"og_locale":"en_US","og_type":"article","og_title":"Concept development and design - SynErgy Thermal Management","og_description":"Gegr\u00fcndet im Juni 2016 haben wir nach einem erfolgreichen ersten Jahr unsere R\u00e4umlichkeiten im Oktober 2017 erweitert und haben ein externes B\u00fcro im K2-Tower + Industriepark angemietet. Nachdem wir hier jedoch nicht mehr weiter wachsen konnten, sind wir in ein eigenes B\u00fcro umgezogen.","og_url":"https:\/\/synergy-tm.eu\/konzepterstellung-und-auslegung\/","og_site_name":"SynErgy Thermal Management","article_modified_time":"2023-08-24T11:00:40+00:00","og_image":[{"width":222,"height":54,"url":"https:\/\/synergy-tm.eu\/wp-content\/uploads\/2023\/05\/main_logo.png","type":"image\/png"}],"twitter_card":"summary_large_image","twitter_misc":{"Est. reading time":"4 minutes"},"schema":{"@context":"https:\/\/schema.org","@graph":[{"@type":"WebPage","@id":"https:\/\/synergy-tm.eu\/konzepterstellung-und-auslegung\/","url":"https:\/\/synergy-tm.eu\/konzepterstellung-und-auslegung\/","name":"Concept development and design - SynErgy Thermal Management","isPartOf":{"@id":"https:\/\/synergy-tm.eu\/en\/#website"},"datePublished":"2023-05-16T03:44:15+00:00","dateModified":"2023-08-24T11:00:40+00:00","description":"Gegr\u00fcndet im Juni 2016 haben wir nach einem erfolgreichen ersten Jahr unsere R\u00e4umlichkeiten im Oktober 2017 erweitert und haben ein externes B\u00fcro im K2-Tower + Industriepark angemietet. Nachdem wir hier jedoch nicht mehr weiter wachsen konnten, sind wir in ein eigenes B\u00fcro umgezogen.","breadcrumb":{"@id":"https:\/\/synergy-tm.eu\/konzepterstellung-und-auslegung\/#breadcrumb"},"inLanguage":"en-US","potentialAction":[{"@type":"ReadAction","target":["https:\/\/synergy-tm.eu\/konzepterstellung-und-auslegung\/"]}]},{"@type":"BreadcrumbList","@id":"https:\/\/synergy-tm.eu\/konzepterstellung-und-auslegung\/#breadcrumb","itemListElement":[{"@type":"ListItem","position":1,"name":"Startseite","item":"https:\/\/synergy-tm.eu\/en\/"},{"@type":"ListItem","position":2,"name":"Concept development and design"}]},{"@type":"WebSite","@id":"https:\/\/synergy-tm.eu\/en\/#website","url":"https:\/\/synergy-tm.eu\/en\/","name":"SynErgy Thermal Management","description":"","potentialAction":[{"@type":"SearchAction","target":{"@type":"EntryPoint","urlTemplate":"https:\/\/synergy-tm.eu\/en\/?s={search_term_string}"},"query-input":{"@type":"PropertyValueSpecification","valueRequired":true,"valueName":"search_term_string"}}],"inLanguage":"en-US"}]}},"_links":{"self":[{"href":"https:\/\/synergy-tm.eu\/en\/wp-json\/wp\/v2\/pages\/55056","targetHints":{"allow":["GET"]}}],"collection":[{"href":"https:\/\/synergy-tm.eu\/en\/wp-json\/wp\/v2\/pages"}],"about":[{"href":"https:\/\/synergy-tm.eu\/en\/wp-json\/wp\/v2\/types\/page"}],"author":[{"embeddable":true,"href":"https:\/\/synergy-tm.eu\/en\/wp-json\/wp\/v2\/users\/3"}],"replies":[{"embeddable":true,"href":"https:\/\/synergy-tm.eu\/en\/wp-json\/wp\/v2\/comments?post=55056"}],"version-history":[{"count":2,"href":"https:\/\/synergy-tm.eu\/en\/wp-json\/wp\/v2\/pages\/55056\/revisions"}],"predecessor-version":[{"id":55058,"href":"https:\/\/synergy-tm.eu\/en\/wp-json\/wp\/v2\/pages\/55056\/revisions\/55058"}],"wp:attachment":[{"href":"https:\/\/synergy-tm.eu\/en\/wp-json\/wp\/v2\/media?parent=55056"}],"curies":[{"name":"wp","href":"https:\/\/api.w.org\/{rel}","templated":true}]}}